{"id":102,"date":"2020-04-18T23:17:17","date_gmt":"2020-04-18T23:17:17","guid":{"rendered":"https:\/\/lablcv.com.co\/?page_id=102"},"modified":"2023-10-21T14:14:15","modified_gmt":"2023-10-21T14:14:15","slug":"toma-de-muestras-para-envio-al-laboratorio","status":"publish","type":"page","link":"https:\/\/lablcv.com.co\/index.php\/toma-de-muestras-para-envio-al-laboratorio\/","title":{"rendered":"Toma de muestras"},"content":{"rendered":"\n<p>Sitios de venopunci\u00f3n seg\u00fan especies<\/p>\n\n\n\n<figure class=\"wp-block-image size-large\"><img decoding=\"async\" loading=\"lazy\" width=\"768\" height=\"1024\" src=\"https:\/\/lablcv.com.co\/wp-content\/uploads\/2023\/10\/6-1-768x1024.jpg\" alt=\"\" class=\"wp-image-138\" srcset=\"https:\/\/lablcv.com.co\/wp-content\/uploads\/2023\/10\/6-1-768x1024.jpg 768w, https:\/\/lablcv.com.co\/wp-content\/uploads\/2023\/10\/6-1-225x300.jpg 225w, https:\/\/lablcv.com.co\/wp-content\/uploads\/2023\/10\/6-1-1152x1536.jpg 1152w, https:\/\/lablcv.com.co\/wp-content\/uploads\/2023\/10\/6-1-1536x2048.jpg 1536w, https:\/\/lablcv.com.co\/wp-content\/uploads\/2023\/10\/6-1-scaled.jpg 1920w\" sizes=\"(max-width: 768px) 100vw, 768px\" \/><\/figure>\n\n\n\n<p>TOMA Y ENVIO DE MUESTRAS AL LABORATORIO CLINICO VETERINARIO<\/p>\n\n\n\n<p>Cuadro Hem\u00e1tico<\/p>\n\n\n\n<figure class=\"wp-block-image size-large\"><img decoding=\"async\" loading=\"lazy\" width=\"768\" height=\"1024\" src=\"https:\/\/lablcv.com.co\/wp-content\/uploads\/2023\/10\/7-1-768x1024.jpg\" alt=\"\" class=\"wp-image-139\" srcset=\"https:\/\/lablcv.com.co\/wp-content\/uploads\/2023\/10\/7-1-768x1024.jpg 768w, https:\/\/lablcv.com.co\/wp-content\/uploads\/2023\/10\/7-1-225x300.jpg 225w, https:\/\/lablcv.com.co\/wp-content\/uploads\/2023\/10\/7-1-1152x1536.jpg 1152w, https:\/\/lablcv.com.co\/wp-content\/uploads\/2023\/10\/7-1-1536x2048.jpg 1536w, https:\/\/lablcv.com.co\/wp-content\/uploads\/2023\/10\/7-1-scaled.jpg 1920w\" sizes=\"(max-width: 768px) 100vw, 768px\" \/><\/figure>\n\n\n\n<p>Qu\u00edmica Sangu\u00ednea y Anemia Infecciosa Equina<\/p>\n\n\n\n<figure class=\"wp-block-image size-large\"><img decoding=\"async\" loading=\"lazy\" width=\"768\" height=\"1024\" src=\"https:\/\/lablcv.com.co\/wp-content\/uploads\/2023\/10\/8-1-768x1024.jpg\" alt=\"\" class=\"wp-image-140\" srcset=\"https:\/\/lablcv.com.co\/wp-content\/uploads\/2023\/10\/8-1-768x1024.jpg 768w, https:\/\/lablcv.com.co\/wp-content\/uploads\/2023\/10\/8-1-225x300.jpg 225w, https:\/\/lablcv.com.co\/wp-content\/uploads\/2023\/10\/8-1-1152x1536.jpg 1152w, https:\/\/lablcv.com.co\/wp-content\/uploads\/2023\/10\/8-1-1536x2048.jpg 1536w, https:\/\/lablcv.com.co\/wp-content\/uploads\/2023\/10\/8-1-scaled.jpg 1920w\" sizes=\"(max-width: 768px) 100vw, 768px\" \/><\/figure>\n\n\n\n<p>Muestras de Orina y Materia Fecal<\/p>\n\n\n\n<figure class=\"wp-block-image size-large\"><img decoding=\"async\" loading=\"lazy\" width=\"768\" height=\"1024\" src=\"https:\/\/lablcv.com.co\/wp-content\/uploads\/2023\/10\/9-2-768x1024.jpg\" alt=\"\" class=\"wp-image-141\" srcset=\"https:\/\/lablcv.com.co\/wp-content\/uploads\/2023\/10\/9-2-768x1024.jpg 768w, https:\/\/lablcv.com.co\/wp-content\/uploads\/2023\/10\/9-2-225x300.jpg 225w, https:\/\/lablcv.com.co\/wp-content\/uploads\/2023\/10\/9-2-1152x1536.jpg 1152w, https:\/\/lablcv.com.co\/wp-content\/uploads\/2023\/10\/9-2-1536x2048.jpg 1536w, https:\/\/lablcv.com.co\/wp-content\/uploads\/2023\/10\/9-2-scaled.jpg 1920w\" sizes=\"(max-width: 768px) 100vw, 768px\" \/><\/figure>\n\n\n\n<p>Examen de Piel<\/p>\n\n\n\n<figure class=\"wp-block-image size-large\"><img decoding=\"async\" loading=\"lazy\" width=\"768\" height=\"1024\" src=\"https:\/\/lablcv.com.co\/wp-content\/uploads\/2023\/10\/10-1-1-768x1024.jpg\" alt=\"\" class=\"wp-image-144\" srcset=\"https:\/\/lablcv.com.co\/wp-content\/uploads\/2023\/10\/10-1-1-768x1024.jpg 768w, https:\/\/lablcv.com.co\/wp-content\/uploads\/2023\/10\/10-1-1-225x300.jpg 225w, https:\/\/lablcv.com.co\/wp-content\/uploads\/2023\/10\/10-1-1-1152x1536.jpg 1152w, https:\/\/lablcv.com.co\/wp-content\/uploads\/2023\/10\/10-1-1-1536x2048.jpg 1536w, https:\/\/lablcv.com.co\/wp-content\/uploads\/2023\/10\/10-1-1-scaled.jpg 1920w\" sizes=\"(max-width: 768px) 100vw, 768px\" \/><\/figure>\n","protected":false},"excerpt":{"rendered":"<p>Sitios de venopunci\u00f3n seg\u00fan especies TOMA Y ENVIO DE MUESTRAS AL LABORATORIO CLINICO VETERINARIO Cuadro Hem\u00e1tico Qu\u00edmica Sangu\u00ednea y Anemia Infecciosa Equina Muestras de Orina y Materia Fecal Examen de Piel<\/p>\n","protected":false},"author":1,"featured_media":308,"parent":0,"menu_order":0,"comment_status":"closed","ping_status":"closed","template":"","meta":{"footnotes":""},"_links":{"self":[{"href":"https:\/\/lablcv.com.co\/index.php\/wp-json\/wp\/v2\/pages\/102"}],"collection":[{"href":"https:\/\/lablcv.com.co\/index.php\/wp-json\/wp\/v2\/pages"}],"about":[{"href":"https:\/\/lablcv.com.co\/index.php\/wp-json\/wp\/v2\/types\/page"}],"author":[{"embeddable":true,"href":"https:\/\/lablcv.com.co\/index.php\/wp-json\/wp\/v2\/users\/1"}],"replies":[{"embeddable":true,"href":"https:\/\/lablcv.com.co\/index.php\/wp-json\/wp\/v2\/comments?post=102"}],"version-history":[{"count":7,"href":"https:\/\/lablcv.com.co\/index.php\/wp-json\/wp\/v2\/pages\/102\/revisions"}],"predecessor-version":[{"id":303,"href":"https:\/\/lablcv.com.co\/index.php\/wp-json\/wp\/v2\/pages\/102\/revisions\/303"}],"wp:featuredmedia":[{"embeddable":true,"href":"https:\/\/lablcv.com.co\/index.php\/wp-json\/wp\/v2\/media\/308"}],"wp:attachment":[{"href":"https:\/\/lablcv.com.co\/index.php\/wp-json\/wp\/v2\/media?parent=102"}],"curies":[{"name":"wp","href":"https:\/\/api.w.org\/{rel}","templated":true}]}}