{"id":166,"date":"2023-10-18T23:16:00","date_gmt":"2023-10-18T23:16:00","guid":{"rendered":"https:\/\/lablcv.com.co\/?page_id=166"},"modified":"2023-11-02T23:31:26","modified_gmt":"2023-11-02T23:31:26","slug":"__trashed","status":"publish","type":"page","link":"https:\/\/lablcv.com.co\/index.php\/__trashed\/","title":{"rendered":"Inicio"},"content":{"rendered":"\n<p>Somos un laboratorio cl\u00ednico veterinario que satisface necesidades de nuestros clientes brindando resultados con altos est\u00e1ndares de calidad,&nbsp;&nbsp; contribuyendo a diagn\u00f3sticos y tratamientos r\u00e1pidos y eficaces.&nbsp;<\/p>\n","protected":false},"excerpt":{"rendered":"<p>Somos un laboratorio cl\u00ednico veterinario que satisface necesidades de nuestros clientes brindando resultados con altos est\u00e1ndares de calidad,&nbsp;&nbsp; contribuyendo a diagn\u00f3sticos y tratamientos r\u00e1pidos y eficaces.&nbsp;<\/p>\n","protected":false},"author":3,"featured_media":0,"parent":0,"menu_order":0,"comment_status":"closed","ping_status":"closed","template":"","meta":{"footnotes":""},"_links":{"self":[{"href":"https:\/\/lablcv.com.co\/index.php\/wp-json\/wp\/v2\/pages\/166"}],"collection":[{"href":"https:\/\/lablcv.com.co\/index.php\/wp-json\/wp\/v2\/pages"}],"about":[{"href":"https:\/\/lablcv.com.co\/index.php\/wp-json\/wp\/v2\/types\/page"}],"author":[{"embeddable":true,"href":"https:\/\/lablcv.com.co\/index.php\/wp-json\/wp\/v2\/users\/3"}],"replies":[{"embeddable":true,"href":"https:\/\/lablcv.com.co\/index.php\/wp-json\/wp\/v2\/comments?post=166"}],"version-history":[{"count":7,"href":"https:\/\/lablcv.com.co\/index.php\/wp-json\/wp\/v2\/pages\/166\/revisions"}],"predecessor-version":[{"id":296,"href":"https:\/\/lablcv.com.co\/index.php\/wp-json\/wp\/v2\/pages\/166\/revisions\/296"}],"wp:attachment":[{"href":"https:\/\/lablcv.com.co\/index.php\/wp-json\/wp\/v2\/media?parent=166"}],"curies":[{"name":"wp","href":"https:\/\/api.w.org\/{rel}","templated":true}]}}